{"id":6,"date":"2020-12-09T08:32:10","date_gmt":"2020-12-09T08:32:10","guid":{"rendered":"https:\/\/www.vinduespudser-vesterbro.dk\/?page_id=6"},"modified":"2020-12-10T19:20:00","modified_gmt":"2020-12-10T19:20:00","slug":"home","status":"publish","type":"page","link":"https:\/\/www.vinduespudser-vesterbro.dk\/","title":{"rendered":"Home"},"content":{"rendered":"<h2><strong>VESTERBRO SEO HER<\/strong><\/h2>\n<p>&nbsp;<\/p>\n<p><strong>MEMPOLERING ER K\u00d8BENHAVNS BEDSTE OG BILLIGSTE VINDUESPUDSER. VI ER VILDE MED K\u00d8BENHAVN, OG VORES MANGE KUNDER I HOVEDSTADEN ER VILDE MED OS.\u00a0<\/strong><\/p>\n<p>I 2010 startede MEMpolering med vinduespudsning. Vi ville starte i den by, vi kom fra og boede i, og derfor faldt valget p\u00e5 K\u00f8benhavn. Vi satte os ind i et s-tog med en spand\u00a0med vores vinduespudserudstyr og vores reklamer i. I dag taler vores mange brugere i hovedstaden deres eget tydelige sprog. MEMpolering er k\u00f8benhavnernes klart foretrukne valg inden for vinduespudsning. Vinduespolering i K\u00f8benhavn er bedst for en vinduespudser, n\u00e5r byen er varm og t\u00f8r, men selv n\u00e5r K\u00f8benhavn er v\u00e5d og kold, har hovedstaden en gl\u00f8d over sig, som vores vinduespudser ikke finder andre steder. K\u00f8benhavn, vi elsker dig &#8211;\u00a0liges\u00e5 h\u00f8jt som vi elsker vores kunder, du har givet os. Hvis du er bosat i K\u00f8benhavn og mangler en vinduespudser, s\u00e5 v\u00e6lg MEM, da vi har det Mest Effektive Mandskab,\u00a0som er det, MEM st\u00e5r for. MEMpolering er Danmarks bedste vinduespudser i kundeanmeldelser, og takket v\u00e6re vores 4.000 anmeldelser p\u00e5 Trustpilot har vi hvert \u00e5r siden 2010 uden undtagelse kunnet kalde os Danmarks bedste vinduespudser.<\/p>\n<p>&nbsp;<\/p>\n","protected":false},"excerpt":{"rendered":"<p>VESTERBRO SEO HER &nbsp; MEMPOLERING ER K\u00d8BENHAVNS BEDSTE OG BILLIGSTE VINDUESPUDSER. VI ER VILDE MED K\u00d8BENHAVN, OG VORES MANGE KUNDER I HOVEDSTADEN ER VILDE MED OS.\u00a0 I 2010 startede MEMpolering med vinduespudsning. Vi ville starte i den by, vi kom fra og boede i, og derfor faldt valget p\u00e5 K\u00f8benhavn. Vi satte os ind i [&hellip;]<\/p>\n","protected":false},"author":1,"featured_media":0,"parent":0,"menu_order":0,"comment_status":"closed","ping_status":"open","template":"","meta":[],"yoast_head":"<!-- This site is optimized with the Yoast SEO plugin v15.4 - https:\/\/yoast.com\/wordpress\/plugins\/seo\/ -->\n<title>Vinduespudser K\u00f8benhavn - f\u00e5 et tilbud p\u00e5 1 min. her \u2190<\/title>\n<meta name=\"robots\" content=\"index, follow, max-snippet:-1, max-image-preview:large, max-video-preview:-1\" \/>\n<link rel=\"canonical\" href=\"https:\/\/www.vinduespudser-vesterbro.dk\/\" \/>\n<meta property=\"og:locale\" content=\"da_DK\" \/>\n<meta property=\"og:type\" content=\"article\" \/>\n<meta property=\"og:title\" content=\"Vinduespudser K\u00f8benhavn - f\u00e5 et tilbud p\u00e5 1 min. her \u2190\" \/>\n<meta property=\"og:description\" content=\"VESTERBRO SEO HER &nbsp; MEMPOLERING ER K\u00d8BENHAVNS BEDSTE OG BILLIGSTE VINDUESPUDSER. VI ER VILDE MED K\u00d8BENHAVN, OG VORES MANGE KUNDER I HOVEDSTADEN ER VILDE MED OS.\u00a0 I 2010 startede MEMpolering med vinduespudsning. Vi ville starte i den by, vi kom fra og boede i, og derfor faldt valget p\u00e5 K\u00f8benhavn. Vi satte os ind i [&hellip;]\" \/>\n<meta property=\"og:url\" content=\"https:\/\/www.vinduespudser-vesterbro.dk\/\" \/>\n<meta property=\"og:site_name\" content=\"Vinduespudser Vesterbro\" \/>\n<meta property=\"article:modified_time\" content=\"2020-12-10T19:20:00+00:00\" \/>\n<meta name=\"twitter:card\" content=\"summary_large_image\" \/>\n<meta name=\"twitter:label1\" content=\"Written by\">\n\t<meta name=\"twitter:data1\" content=\"admin\">\n\t<meta name=\"twitter:label2\" content=\"Est. reading time\">\n\t<meta name=\"twitter:data2\" content=\"1 minut\">\n<script type=\"application\/ld+json\" class=\"yoast-schema-graph\">{\"@context\":\"https:\/\/schema.org\",\"@graph\":[{\"@type\":\"WebSite\",\"@id\":\"https:\/\/www.vinduespudser-vesterbro.dk\/#website\",\"url\":\"https:\/\/www.vinduespudser-vesterbro.dk\/\",\"name\":\"Vinduespudser Vesterbro\",\"description\":\"\",\"potentialAction\":[{\"@type\":\"SearchAction\",\"target\":\"https:\/\/www.vinduespudser-vesterbro.dk\/?s={search_term_string}\",\"query-input\":\"required name=search_term_string\"}],\"inLanguage\":\"da-DK\"},{\"@type\":\"WebPage\",\"@id\":\"https:\/\/www.vinduespudser-vesterbro.dk\/#webpage\",\"url\":\"https:\/\/www.vinduespudser-vesterbro.dk\/\",\"name\":\"Vinduespudser K\\u00f8benhavn - f\\u00e5 et tilbud p\\u00e5 1 min. her \\u2190\",\"isPartOf\":{\"@id\":\"https:\/\/www.vinduespudser-vesterbro.dk\/#website\"},\"datePublished\":\"2020-12-09T08:32:10+00:00\",\"dateModified\":\"2020-12-10T19:20:00+00:00\",\"inLanguage\":\"da-DK\",\"potentialAction\":[{\"@type\":\"ReadAction\",\"target\":[\"https:\/\/www.vinduespudser-vesterbro.dk\/\"]}]}]}<\/script>\n<!-- \/ Yoast SEO plugin. -->","_links":{"self":[{"href":"https:\/\/www.vinduespudser-vesterbro.dk\/index.php?rest_route=\/wp\/v2\/pages\/6"}],"collection":[{"href":"https:\/\/www.vinduespudser-vesterbro.dk\/index.php?rest_route=\/wp\/v2\/pages"}],"about":[{"href":"https:\/\/www.vinduespudser-vesterbro.dk\/index.php?rest_route=\/wp\/v2\/types\/page"}],"author":[{"embeddable":true,"href":"https:\/\/www.vinduespudser-vesterbro.dk\/index.php?rest_route=\/wp\/v2\/users\/1"}],"replies":[{"embeddable":true,"href":"https:\/\/www.vinduespudser-vesterbro.dk\/index.php?rest_route=%2Fwp%2Fv2%2Fcomments&post=6"}],"version-history":[{"count":25,"href":"https:\/\/www.vinduespudser-vesterbro.dk\/index.php?rest_route=\/wp\/v2\/pages\/6\/revisions"}],"predecessor-version":[{"id":60,"href":"https:\/\/www.vinduespudser-vesterbro.dk\/index.php?rest_route=\/wp\/v2\/pages\/6\/revisions\/60"}],"wp:attachment":[{"href":"https:\/\/www.vinduespudser-vesterbro.dk\/index.php?rest_route=%2Fwp%2Fv2%2Fmedia&parent=6"}],"curies":[{"name":"wp","href":"https:\/\/api.w.org\/{rel}","templated":true}]}}